{"id":2985,"date":"2022-07-14T09:18:48","date_gmt":"2022-07-14T09:18:48","guid":{"rendered":"https:\/\/restaurante222sw.com\/?page_id=2985"},"modified":"2022-07-14T10:42:59","modified_gmt":"2022-07-14T10:42:59","slug":"ayudas-y-subvenciones","status":"publish","type":"page","link":"https:\/\/www.restaurante222sw.com\/es\/transparencia\/ayudas-y-subvenciones\/","title":{"rendered":"Ayudas y Subvenciones"},"content":{"rendered":"\t\t<div data-elementor-type=\"wp-page\" data-elementor-id=\"2985\" class=\"elementor elementor-2985\" data-elementor-post-type=\"page\">\n\t\t\t\t\t\t<section data-particle_enable=\"false\" data-particle-mobile-disabled=\"false\" class=\"elementor-section elementor-top-section elementor-element elementor-element-c694918 elementor-section-boxed elementor-section-height-default elementor-section-height-default\" data-id=\"c694918\" data-element_type=\"section\" data-e-type=\"section\" data-settings=\"{&quot;jet_parallax_layout_list&quot;:[]}\">\n\t\t\t\t\t\t<div class=\"elementor-container elementor-column-gap-default\">\n\t\t\t\t\t<div class=\"elementor-column elementor-col-100 elementor-top-column elementor-element elementor-element-b4e68c4\" data-id=\"b4e68c4\" data-element_type=\"column\" data-e-type=\"column\">\n\t\t\t<div class=\"elementor-widget-wrap elementor-element-populated\">\n\t\t\t\t\t\t<div class=\"elementor-element elementor-element-ebb2765 elementor-position-inline-start elementor-view-default elementor-mobile-position-block-start elementor-widget elementor-widget-icon-box\" data-id=\"ebb2765\" data-element_type=\"widget\" data-e-type=\"widget\" data-widget_type=\"icon-box.default\">\n\t\t\t\t<div class=\"elementor-widget-container\">\n\t\t\t\t\t\t\t<div class=\"elementor-icon-box-wrapper\">\n\n\t\t\t\t\t\t<div class=\"elementor-icon-box-icon\">\n\t\t\t\t<a href=\"https:\/\/www.restaurante222sw.com\/es\/transparencia\/institucional\/\" class=\"elementor-icon\" tabindex=\"-1\" aria-label=\"Ayudas y Subvenciones\">\n\t\t\t\t<svg xmlns=\"http:\/\/www.w3.org\/2000\/svg\" xmlns:xlink=\"http:\/\/www.w3.org\/1999\/xlink\" id=\"Layer_1\" x=\"0px\" y=\"0px\" viewBox=\"0 0 400 500\" style=\"enable-background:new 0 0 400 500;\" xml:space=\"preserve\"><g>\t<path d=\"M200,375.7V200h-25v175.7c-56.2,6.2-100,53.9-100,111.8V500h225v-12.5C300,429.6,256.2,381.9,200,375.7z M100.9,475  c6.1-42.4,42.5-75,86.6-75c44.1,0,80.5,32.6,86.6,75H100.9z\"><\/path>\t<path d=\"M399.7,100.3l-12-0.2c-49.7-1-98,17.9-133.8,53.8C218,189.8,199,238,200,287.7l0.2,12l12,0.2c49.7,1,98-17.9,133.8-53.8  C382,210.2,401,162,400,112.3L399.7,100.3z M328.5,228.5c-28,28-64.7,44.1-103.2,46.3c2.2-38.5,18.3-75.2,46.3-103.2  c28-28,64.7-44.1,103.2-46.3C372.5,163.8,356.5,200.4,328.5,228.5z\"><\/path>\t<path d=\"M199.7,199.7l0.2-12c1-49.8-17.9-98-53.8-133.9C110.2,18,62-1,12.3,0l-12,0.2L0,12.3C-1,62,18,110.2,53.9,146.1  C89.8,182,138,201,187.7,200L199.7,199.7z M71.5,128.5c-28-28-44.1-64.7-46.3-103.2c38.5,2.2,75.2,18.3,103.2,46.3  c28,28,44.1,64.7,46.3,103.2C136.2,172.5,99.6,156.5,71.5,128.5z\"><\/path><\/g><\/svg>\t\t\t\t<\/a>\n\t\t\t<\/div>\n\t\t\t\n\t\t\t\t\t\t<div class=\"elementor-icon-box-content\">\n\n\t\t\t\t\t\t\t\t\t<h3 class=\"elementor-icon-box-title\">\n\t\t\t\t\t\t<a href=\"https:\/\/www.restaurante222sw.com\/es\/transparencia\/institucional\/\" >\n\t\t\t\t\t\t\tAyudas y Subvenciones\t\t\t\t\t\t<\/a>\n\t\t\t\t\t<\/h3>\n\t\t\t\t\n\t\t\t\t\n\t\t\t<\/div>\n\t\t\t\n\t\t<\/div>\n\t\t\t\t\t\t<\/div>\n\t\t\t\t<\/div>\n\t\t\t\t<div class=\"elementor-element elementor-element-95777ec elementor-widget elementor-widget-heading\" data-id=\"95777ec\" data-element_type=\"widget\" data-e-type=\"widget\" data-widget_type=\"heading.default\">\n\t\t\t\t<div class=\"elementor-widget-container\">\n\t\t\t\t\t<h2 class=\"elementor-heading-title elementor-size-default\">Ayudas y Subvenciones 2021<\/h2>\t\t\t\t<\/div>\n\t\t\t\t<\/div>\n\t\t\t\t<div class=\"elementor-element elementor-element-cf2700b elementor-widget__width-auto elementor-icon-list--layout-traditional elementor-list-item-link-full_width elementor-widget elementor-widget-icon-list\" data-id=\"cf2700b\" data-element_type=\"widget\" data-e-type=\"widget\" data-widget_type=\"icon-list.default\">\n\t\t\t\t<div class=\"elementor-widget-container\">\n\t\t\t\t\t\t\t<ul class=\"elementor-icon-list-items\">\n\t\t\t\t\t\t\t<li class=\"elementor-icon-list-item\">\n\t\t\t\t\t\t\t\t\t\t\t<a href=\"https:\/\/restaurante222sw.com\/wp-content\/uploads\/RESOLUCION-ACEPTACION.pdf\" target=\"_blank\">\n\n\t\t\t\t\t\t\t\t\t\t\t\t<span class=\"elementor-icon-list-icon\">\n\t\t\t\t\t\t\t<i aria-hidden=\"true\" class=\"fas fa-caret-right\"><\/i>\t\t\t\t\t\t<\/span>\n\t\t\t\t\t\t\t\t\t\t<span class=\"elementor-icon-list-text\">Resoluci\u00f3n Aceptaci\u00f3n<\/span>\n\t\t\t\t\t\t\t\t\t\t\t<\/a>\n\t\t\t\t\t\t\t\t\t<\/li>\n\t\t\t\t\t\t\t\t<li class=\"elementor-icon-list-item\">\n\t\t\t\t\t\t\t\t\t\t\t<a href=\"https:\/\/restaurante222sw.com\/wp-content\/uploads\/RESOLUCION-APROBACION.pdf\" target=\"_blank\">\n\n\t\t\t\t\t\t\t\t\t\t\t\t<span class=\"elementor-icon-list-icon\">\n\t\t\t\t\t\t\t<i aria-hidden=\"true\" class=\"fas fa-caret-right\"><\/i>\t\t\t\t\t\t<\/span>\n\t\t\t\t\t\t\t\t\t\t<span class=\"elementor-icon-list-text\">Resoluci\u00f3n Aprobaci\u00f3n<\/span>\n\t\t\t\t\t\t\t\t\t\t\t<\/a>\n\t\t\t\t\t\t\t\t\t<\/li>\n\t\t\t\t\t\t\t\t<li class=\"elementor-icon-list-item\">\n\t\t\t\t\t\t\t\t\t\t\t<a href=\"https:\/\/restaurante222sw.com\/wp-content\/uploads\/RESOLUCION-SUBVENCION-anuncio-dda9333c-1212-4d88-9dc0-34efa8d9d897.pdf\" target=\"_blank\">\n\n\t\t\t\t\t\t\t\t\t\t\t\t<span class=\"elementor-icon-list-icon\">\n\t\t\t\t\t\t\t<i aria-hidden=\"true\" class=\"fas fa-caret-right\"><\/i>\t\t\t\t\t\t<\/span>\n\t\t\t\t\t\t\t\t\t\t<span class=\"elementor-icon-list-text\">Resoluci\u00f3n Subvenci\u00f3n<\/span>\n\t\t\t\t\t\t\t\t\t\t\t<\/a>\n\t\t\t\t\t\t\t\t\t<\/li>\n\t\t\t\t\t\t<\/ul>\n\t\t\t\t\t\t<\/div>\n\t\t\t\t<\/div>\n\t\t\t\t\t<\/div>\n\t\t<\/div>\n\t\t\t\t\t<\/div>\n\t\t<\/section>\n\t\t\t\t<section data-particle_enable=\"false\" data-particle-mobile-disabled=\"false\" class=\"elementor-section elementor-top-section elementor-element elementor-element-0f438f8 elementor-section-boxed elementor-section-height-default elementor-section-height-default\" data-id=\"0f438f8\" data-element_type=\"section\" data-e-type=\"section\" data-settings=\"{&quot;jet_parallax_layout_list&quot;:[]}\">\n\t\t\t\t\t\t<div class=\"elementor-container elementor-column-gap-default\">\n\t\t\t\t\t<div class=\"elementor-column elementor-col-100 elementor-top-column elementor-element elementor-element-ca1cce2\" data-id=\"ca1cce2\" data-element_type=\"column\" data-e-type=\"column\">\n\t\t\t<div class=\"elementor-widget-wrap elementor-element-populated\">\n\t\t\t\t\t\t<div class=\"elementor-element elementor-element-14c9e14 elementor-widget__width-auto elementor-widget elementor-widget-image\" data-id=\"14c9e14\" data-element_type=\"widget\" data-e-type=\"widget\" data-widget_type=\"image.default\">\n\t\t\t\t<div class=\"elementor-widget-container\">\n\t\t\t\t\t\t\t\t\t\t\t\t\t\t\t<img fetchpriority=\"high\" decoding=\"async\" width=\"500\" height=\"232\" src=\"https:\/\/www.restaurante222sw.com\/wp-content\/uploads\/gobiernodecanarias.svg\" class=\"attachment-full size-full wp-image-3010\" alt=\"\" \/>\t\t\t\t\t\t\t\t\t\t\t\t\t\t\t<\/div>\n\t\t\t\t<\/div>\n\t\t\t\t<div class=\"elementor-element elementor-element-a03db8b elementor-widget__width-auto elementor-widget elementor-widget-image\" data-id=\"a03db8b\" data-element_type=\"widget\" data-e-type=\"widget\" data-widget_type=\"image.default\">\n\t\t\t\t<div class=\"elementor-widget-container\">\n\t\t\t\t\t\t\t\t\t\t\t\t\t\t\t<img decoding=\"async\" width=\"500\" height=\"191\" src=\"https:\/\/www.restaurante222sw.com\/wp-content\/uploads\/canariasavanza.svg\" class=\"attachment-full size-full wp-image-3008\" alt=\"\" \/>\t\t\t\t\t\t\t\t\t\t\t\t\t\t\t<\/div>\n\t\t\t\t<\/div>\n\t\t\t\t<div class=\"elementor-element elementor-element-23ccd95 elementor-widget__width-auto elementor-widget elementor-widget-image\" data-id=\"23ccd95\" data-element_type=\"widget\" data-e-type=\"widget\" data-widget_type=\"image.default\">\n\t\t\t\t<div class=\"elementor-widget-container\">\n\t\t\t\t\t\t\t\t\t\t\t\t\t\t\t<img decoding=\"async\" width=\"500\" height=\"98\" src=\"https:\/\/www.restaurante222sw.com\/wp-content\/uploads\/unioneuropea.png\" class=\"attachment-full size-full wp-image-3029\" alt=\"\" srcset=\"https:\/\/www.restaurante222sw.com\/wp-content\/uploads\/unioneuropea.png 500w, https:\/\/www.restaurante222sw.com\/wp-content\/uploads\/unioneuropea-300x59.png 300w\" sizes=\"(max-width: 500px) 100vw, 500px\" \/>\t\t\t\t\t\t\t\t\t\t\t\t\t\t\t<\/div>\n\t\t\t\t<\/div>\n\t\t\t\t\t<\/div>\n\t\t<\/div>\n\t\t\t\t\t<\/div>\n\t\t<\/section>\n\t\t\t\t<\/div>\n\t\t","protected":false},"excerpt":{"rendered":"<p>Ayudas y Subvenciones Ayudas y Subvenciones 2021 Resoluci\u00f3n Aceptaci\u00f3n Resoluci\u00f3n Aprobaci\u00f3n Resoluci\u00f3n Subvenci\u00f3n<\/p>\n","protected":false},"author":1,"featured_media":0,"parent":2975,"menu_order":5,"comment_status":"closed","ping_status":"closed","template":"elementor_header_footer","meta":{"footnotes":""},"class_list":["post-2985","page","type-page","status-publish","hentry"],"_links":{"self":[{"href":"https:\/\/www.restaurante222sw.com\/es\/wp-json\/wp\/v2\/pages\/2985","targetHints":{"allow":["GET"]}}],"collection":[{"href":"https:\/\/www.restaurante222sw.com\/es\/wp-json\/wp\/v2\/pages"}],"about":[{"href":"https:\/\/www.restaurante222sw.com\/es\/wp-json\/wp\/v2\/types\/page"}],"author":[{"embeddable":true,"href":"https:\/\/www.restaurante222sw.com\/es\/wp-json\/wp\/v2\/users\/1"}],"replies":[{"embeddable":true,"href":"https:\/\/www.restaurante222sw.com\/es\/wp-json\/wp\/v2\/comments?post=2985"}],"version-history":[{"count":0,"href":"https:\/\/www.restaurante222sw.com\/es\/wp-json\/wp\/v2\/pages\/2985\/revisions"}],"up":[{"embeddable":true,"href":"https:\/\/www.restaurante222sw.com\/es\/wp-json\/wp\/v2\/pages\/2975"}],"wp:attachment":[{"href":"https:\/\/www.restaurante222sw.com\/es\/wp-json\/wp\/v2\/media?parent=2985"}],"curies":[{"name":"wp","href":"https:\/\/api.w.org\/{rel}","templated":true}]}}