{"id":2979,"date":"2022-07-14T09:17:30","date_gmt":"2022-07-14T09:17:30","guid":{"rendered":"https:\/\/restaurante222sw.com\/?page_id=2979"},"modified":"2022-07-14T10:29:32","modified_gmt":"2022-07-14T10:29:32","slug":"organizativa","status":"publish","type":"page","link":"https:\/\/www.restaurante222sw.com\/es\/transparencia\/organizativa\/","title":{"rendered":"Organizativa"},"content":{"rendered":"\t\t<div data-elementor-type=\"wp-page\" data-elementor-id=\"2979\" class=\"elementor elementor-2979\" data-elementor-post-type=\"page\">\n\t\t\t\t\t\t<section data-particle_enable=\"false\" data-particle-mobile-disabled=\"false\" class=\"elementor-section elementor-top-section elementor-element elementor-element-5454429 elementor-section-boxed elementor-section-height-default elementor-section-height-default\" data-id=\"5454429\" data-element_type=\"section\" data-e-type=\"section\" data-settings=\"{&quot;jet_parallax_layout_list&quot;:[]}\">\n\t\t\t\t\t\t<div class=\"elementor-container elementor-column-gap-default\">\n\t\t\t\t\t<div class=\"elementor-column elementor-col-100 elementor-top-column elementor-element elementor-element-d6a706f\" data-id=\"d6a706f\" data-element_type=\"column\" data-e-type=\"column\">\n\t\t\t<div class=\"elementor-widget-wrap elementor-element-populated\">\n\t\t\t\t\t\t<div class=\"elementor-element elementor-element-4687ada elementor-position-inline-start elementor-view-default elementor-mobile-position-block-start elementor-widget elementor-widget-icon-box\" data-id=\"4687ada\" data-element_type=\"widget\" data-e-type=\"widget\" data-widget_type=\"icon-box.default\">\n\t\t\t\t<div class=\"elementor-widget-container\">\n\t\t\t\t\t\t\t<div class=\"elementor-icon-box-wrapper\">\n\n\t\t\t\t\t\t<div class=\"elementor-icon-box-icon\">\n\t\t\t\t<a href=\"https:\/\/www.restaurante222sw.com\/es\/transparencia\/institucional\/\" class=\"elementor-icon\" tabindex=\"-1\" aria-label=\"Organizativa\">\n\t\t\t\t<svg xmlns=\"http:\/\/www.w3.org\/2000\/svg\" xmlns:xlink=\"http:\/\/www.w3.org\/1999\/xlink\" id=\"Layer_1\" x=\"0px\" y=\"0px\" viewBox=\"0 0 500 447\" style=\"enable-background:new 0 0 500 447;\" xml:space=\"preserve\"><g>\t<path d=\"M210.5,197.2c0,7.3-5.9,13.1-13.2,13.1h-78.9c-21.8,0-39.5,17.7-39.5,39.4v39.4h26.3v-39.4c0-7.3,5.9-13.1,13.2-13.1h78.9  c21.8,0,39.5-17.7,39.5-39.4v-39.4h-26.3V197.2z\"><\/path>\t<path d=\"M394.7,249.8v39.4h26.3v-39.4c0-21.8-17.7-39.4-39.5-39.4h-78.9c-7.3,0-13.2-5.9-13.2-13.1v-39.4h-26.3v39.4  c0,21.8,17.7,39.4,39.5,39.4h78.9C388.8,236.6,394.7,242.5,394.7,249.8z\"><\/path>\t<path d=\"M197.4,131.5h105.3c21.8,0,39.5-17.7,39.5-39.4V39.4c0-21.8-17.7-39.4-39.5-39.4H197.4c-21.8,0-39.5,17.7-39.5,39.4V92  C157.9,113.8,175.6,131.5,197.4,131.5z M184.2,39.4c0-7.3,5.9-13.1,13.2-13.1h105.3c7.3,0,13.2,5.9,13.2,13.1V92  c0,7.3-5.9,13.1-13.2,13.1H197.4c-7.3,0-13.2-5.9-13.2-13.1V39.4z\"><\/path>\t<path d=\"M144.7,315.5H39.5C17.7,315.5,0,333.2,0,355v52.6C0,429.3,17.7,447,39.5,447h105.3c21.8,0,39.5-17.7,39.5-39.4V355  C184.2,333.2,166.5,315.5,144.7,315.5z M157.9,407.6c0,7.3-5.9,13.1-13.2,13.1H39.5c-7.3,0-13.2-5.9-13.2-13.1V355  c0-7.3,5.9-13.1,13.2-13.1h105.3c7.3,0,13.2,5.9,13.2,13.1V407.6z\"><\/path>\t<path d=\"M460.5,315.5H355.3c-21.8,0-39.5,17.7-39.5,39.4v52.6c0,21.8,17.7,39.4,39.5,39.4h105.3c21.8,0,39.5-17.7,39.5-39.4V355  C500,333.2,482.3,315.5,460.5,315.5z M473.7,407.6c0,7.3-5.9,13.1-13.2,13.1H355.3c-7.3,0-13.2-5.9-13.2-13.1V355  c0-7.3,5.9-13.1,13.2-13.1h105.3c7.3,0,13.2,5.9,13.2,13.1V407.6z\"><\/path><\/g><\/svg>\t\t\t\t<\/a>\n\t\t\t<\/div>\n\t\t\t\n\t\t\t\t\t\t<div class=\"elementor-icon-box-content\">\n\n\t\t\t\t\t\t\t\t\t<h3 class=\"elementor-icon-box-title\">\n\t\t\t\t\t\t<a href=\"https:\/\/www.restaurante222sw.com\/es\/transparencia\/institucional\/\" >\n\t\t\t\t\t\t\tOrganizativa\t\t\t\t\t\t<\/a>\n\t\t\t\t\t<\/h3>\n\t\t\t\t\n\t\t\t\t\n\t\t\t<\/div>\n\t\t\t\n\t\t<\/div>\n\t\t\t\t\t\t<\/div>\n\t\t\t\t<\/div>\n\t\t\t\t<div class=\"elementor-element elementor-element-6b826e1 elementor-widget elementor-widget-heading\" data-id=\"6b826e1\" data-element_type=\"widget\" data-e-type=\"widget\" data-widget_type=\"heading.default\">\n\t\t\t\t<div class=\"elementor-widget-container\">\n\t\t\t\t\t<h2 class=\"elementor-heading-title elementor-size-default\">Normativa aplicable a la entidad<\/h2>\t\t\t\t<\/div>\n\t\t\t\t<\/div>\n\t\t\t\t<div class=\"elementor-element elementor-element-e05570d elementor-widget elementor-widget-heading\" data-id=\"e05570d\" data-element_type=\"widget\" data-e-type=\"widget\" data-widget_type=\"heading.default\">\n\t\t\t\t<div class=\"elementor-widget-container\">\n\t\t\t\t\t<h4 class=\"elementor-heading-title elementor-size-default\">Ley 12\/2014, de 26 de diciembre, de transparencia y de acceso a la informaci\u00f3n p\u00fablica<\/h4>\t\t\t\t<\/div>\n\t\t\t\t<\/div>\n\t\t\t\t<div class=\"elementor-element elementor-element-40aa2ac elementor-widget elementor-widget-text-editor\" data-id=\"40aa2ac\" data-element_type=\"widget\" data-e-type=\"widget\" data-widget_type=\"text-editor.default\">\n\t\t\t\t<div class=\"elementor-widget-container\">\n\t\t\t\t\t\t\t\t\t<p>El objeto de la ley es la regulaci\u00f3n de la transparencia de la actividad p\u00fablica y del ejercicio del derecho de acceso a la informaci\u00f3n p\u00fablica en el \u00e1mbito de la Comunidad Aut\u00f3noma de Canarias.<\/p><p>En cuanto a su \u00e1mbito subjetivo de aplicaci\u00f3n comprende tanto la Administraci\u00f3n p\u00fablica de la Comunidad Aut\u00f3noma como las entidades p\u00fablicas y privadas vinculadas o dependiente de la misma. Adem\u00e1s, en lo que se refiere a su actividad sujeta al Derecho administrativo, quedan sujetas a lo establecido en la ley las instituciones estatutarias.<\/p><p>Junto a ello se recoge la obligaci\u00f3n de publicar la informaci\u00f3n que se establece en el t\u00edtulo II, con las adaptaciones que sean precisas, de los partidos pol\u00edticos, organizaciones sindicales y empresariales as\u00ed como a las dem\u00e1s entidades privadas que perciban durante el per\u00edodo de un a\u00f1o ayudas o subvenciones p\u00fablicas financiadas con cargo a los Presupuestos de la Comunidad Aut\u00f3noma de Canarias, cuando las ayudas o subvenciones que perciban superen los 60.000 euros o cuando las mismas representen al menos el 30% del total de sus ingresos anuales siempre que alcancen como m\u00ednimo la cantidad de 5.000 euros. Y, finalmente, la obligaci\u00f3n de suministrar informaci\u00f3n de las personas f\u00edsicas y jur\u00eddicas que presten servicios p\u00fablicos, ejerzan potestades administrativas o tengan vinculaci\u00f3n contractual con los organismos y entidades p\u00fablicas sujetas a la ley.<\/p>\t\t\t\t\t\t\t\t<\/div>\n\t\t\t\t<\/div>\n\t\t\t\t<div class=\"elementor-element elementor-element-33a128f elementor-widget elementor-widget-heading\" data-id=\"33a128f\" data-element_type=\"widget\" data-e-type=\"widget\" data-widget_type=\"heading.default\">\n\t\t\t\t<div class=\"elementor-widget-container\">\n\t\t\t\t\t<h4 class=\"elementor-heading-title elementor-size-default\">Transparencia<\/h4>\t\t\t\t<\/div>\n\t\t\t\t<\/div>\n\t\t\t\t<div class=\"elementor-element elementor-element-f57155a elementor-icon-list--layout-traditional elementor-list-item-link-full_width elementor-widget elementor-widget-icon-list\" data-id=\"f57155a\" data-element_type=\"widget\" data-e-type=\"widget\" data-widget_type=\"icon-list.default\">\n\t\t\t\t<div class=\"elementor-widget-container\">\n\t\t\t\t\t\t\t<ul class=\"elementor-icon-list-items\">\n\t\t\t\t\t\t\t<li class=\"elementor-icon-list-item\">\n\t\t\t\t\t\t\t\t\t\t\t<a href=\"https:\/\/www.boe.es\/buscar\/doc.php?id=BOE-A-2015-1114\" target=\"_blank\" rel=\"noopener\">\n\n\t\t\t\t\t\t\t\t\t\t\t\t<span class=\"elementor-icon-list-icon\">\n\t\t\t\t\t\t\t<i aria-hidden=\"true\" class=\"fas fa-caret-right\"><\/i>\t\t\t\t\t\t<\/span>\n\t\t\t\t\t\t\t\t\t\t<span class=\"elementor-icon-list-text\"><b>Auton\u00f3mica:<\/b>\u00a0Ley 12\/2014, de 26 de diciembre, de transparencia y de acceso a la informaci\u00f3n p\u00fablica.<\/span>\n\t\t\t\t\t\t\t\t\t\t\t<\/a>\n\t\t\t\t\t\t\t\t\t<\/li>\n\t\t\t\t\t\t\t\t<li class=\"elementor-icon-list-item\">\n\t\t\t\t\t\t\t\t\t\t\t<a href=\"https:\/\/www.boe.es\/eli\/es\/l\/2013\/12\/09\/19\/con\" target=\"_blank\" rel=\"noopener\">\n\n\t\t\t\t\t\t\t\t\t\t\t\t<span class=\"elementor-icon-list-icon\">\n\t\t\t\t\t\t\t<i aria-hidden=\"true\" class=\"fas fa-caret-right\"><\/i>\t\t\t\t\t\t<\/span>\n\t\t\t\t\t\t\t\t\t\t<span class=\"elementor-icon-list-text\"><b>Estatal:<\/b>\u00a0Ley 19\/2013, de 9 de diciembre, de transparencia, acceso a la informaci\u00f3n p\u00fablica y buen gobierno<\/span>\n\t\t\t\t\t\t\t\t\t\t\t<\/a>\n\t\t\t\t\t\t\t\t\t<\/li>\n\t\t\t\t\t\t\t\t<li class=\"elementor-icon-list-item\">\n\t\t\t\t\t\t\t\t\t\t\t<a href=\"https:\/\/transparenciacanarias.org\/\" target=\"_blank\" rel=\"noopener\">\n\n\t\t\t\t\t\t\t\t\t\t\t\t<span class=\"elementor-icon-list-icon\">\n\t\t\t\t\t\t\t<i aria-hidden=\"true\" class=\"fas fa-caret-right\"><\/i>\t\t\t\t\t\t<\/span>\n\t\t\t\t\t\t\t\t\t\t<span class=\"elementor-icon-list-text\">M\u00e1s informaci\u00f3n en el\u00a0Comisionado de Transparencia de Canarias Estatutos.<\/span>\n\t\t\t\t\t\t\t\t\t\t\t<\/a>\n\t\t\t\t\t\t\t\t\t<\/li>\n\t\t\t\t\t\t<\/ul>\n\t\t\t\t\t\t<\/div>\n\t\t\t\t<\/div>\n\t\t\t\t\t<\/div>\n\t\t<\/div>\n\t\t\t\t\t<\/div>\n\t\t<\/section>\n\t\t\t\t<section data-particle_enable=\"false\" data-particle-mobile-disabled=\"false\" class=\"elementor-section elementor-top-section elementor-element elementor-element-dee027b elementor-section-boxed elementor-section-height-default elementor-section-height-default\" data-id=\"dee027b\" data-element_type=\"section\" data-e-type=\"section\" data-settings=\"{&quot;jet_parallax_layout_list&quot;:[],&quot;background_background&quot;:&quot;classic&quot;}\">\n\t\t\t\t\t\t<div class=\"elementor-container elementor-column-gap-default\">\n\t\t\t\t\t<div class=\"elementor-column elementor-col-100 elementor-top-column elementor-element elementor-element-b87e1a0\" data-id=\"b87e1a0\" data-element_type=\"column\" data-e-type=\"column\">\n\t\t\t<div class=\"elementor-widget-wrap elementor-element-populated\">\n\t\t\t\t\t\t<div class=\"elementor-element elementor-element-71aa3a2 elementor-widget elementor-widget-heading\" data-id=\"71aa3a2\" data-element_type=\"widget\" data-e-type=\"widget\" data-widget_type=\"heading.default\">\n\t\t\t\t<div class=\"elementor-widget-container\">\n\t\t\t\t\t<h2 class=\"elementor-heading-title elementor-size-default\">Informaci\u00f3n relativa a las funciones y competencias\n<\/h2>\t\t\t\t<\/div>\n\t\t\t\t<\/div>\n\t\t\t\t<section data-particle_enable=\"false\" data-particle-mobile-disabled=\"false\" class=\"elementor-section elementor-inner-section elementor-element elementor-element-bce84c4 elementor-section-boxed elementor-section-height-default elementor-section-height-default\" data-id=\"bce84c4\" data-element_type=\"section\" data-e-type=\"section\" data-settings=\"{&quot;jet_parallax_layout_list&quot;:[]}\">\n\t\t\t\t\t\t<div class=\"elementor-container elementor-column-gap-default\">\n\t\t\t\t\t<div class=\"elementor-column elementor-col-50 elementor-inner-column elementor-element elementor-element-2eec247\" data-id=\"2eec247\" data-element_type=\"column\" data-e-type=\"column\">\n\t\t\t<div class=\"elementor-widget-wrap elementor-element-populated\">\n\t\t\t\t\t\t<div class=\"elementor-element elementor-element-660de21 elementor-widget elementor-widget-text-editor\" data-id=\"660de21\" data-element_type=\"widget\" data-e-type=\"widget\" data-widget_type=\"text-editor.default\">\n\t\t\t\t<div class=\"elementor-widget-container\">\n\t\t\t\t\t\t\t\t\t<p><b>Objeto social<\/b>\u00a0<\/p><p>La sociedad tiene por objeto &#8230;.<\/p><p>Las actividades integrantes del objeto social podr\u00e1n ser desarrolladas, total o parcialmente, de modo indirecto mediante la titularidad de acciones o de participaciones en sociedades con objeto id\u00e9ntico o an\u00e1logo.<\/p>\t\t\t\t\t\t\t\t<\/div>\n\t\t\t\t<\/div>\n\t\t\t\t\t<\/div>\n\t\t<\/div>\n\t\t\t\t<div class=\"elementor-column elementor-col-50 elementor-inner-column elementor-element elementor-element-f43b2dd\" data-id=\"f43b2dd\" data-element_type=\"column\" data-e-type=\"column\">\n\t\t\t<div class=\"elementor-widget-wrap elementor-element-populated\">\n\t\t\t\t\t\t<div class=\"elementor-element elementor-element-1b6ca0f elementor-widget elementor-widget-text-editor\" data-id=\"1b6ca0f\" data-element_type=\"widget\" data-e-type=\"widget\" data-widget_type=\"text-editor.default\">\n\t\t\t\t<div class=\"elementor-widget-container\">\n\t\t\t\t\t\t\t\t\t<p><b>Consejo de Administraci\u00f3n<\/b><\/p><p>La Aquarela es una empresa de restauraci\u00f3n creada por &#8230;.<\/p><p>Su \u00f3rgano de administraci\u00f3n se rige bajo la figura &#8230;<\/p>\t\t\t\t\t\t\t\t<\/div>\n\t\t\t\t<\/div>\n\t\t\t\t\t<\/div>\n\t\t<\/div>\n\t\t\t\t\t<\/div>\n\t\t<\/section>\n\t\t\t\t\t<\/div>\n\t\t<\/div>\n\t\t\t\t\t<\/div>\n\t\t<\/section>\n\t\t\t\t<section data-particle_enable=\"false\" data-particle-mobile-disabled=\"false\" class=\"elementor-section elementor-top-section elementor-element elementor-element-945aa27 elementor-section-boxed elementor-section-height-default elementor-section-height-default\" data-id=\"945aa27\" data-element_type=\"section\" data-e-type=\"section\" data-settings=\"{&quot;jet_parallax_layout_list&quot;:[]}\">\n\t\t\t\t\t\t<div class=\"elementor-container elementor-column-gap-default\">\n\t\t\t\t\t<div class=\"elementor-column elementor-col-100 elementor-top-column elementor-element elementor-element-06c0ee8\" data-id=\"06c0ee8\" data-element_type=\"column\" data-e-type=\"column\">\n\t\t\t<div class=\"elementor-widget-wrap elementor-element-populated\">\n\t\t\t\t\t\t<div class=\"elementor-element elementor-element-8f3e761 elementor-widget__width-auto elementor-widget elementor-widget-image\" data-id=\"8f3e761\" data-element_type=\"widget\" data-e-type=\"widget\" data-widget_type=\"image.default\">\n\t\t\t\t<div class=\"elementor-widget-container\">\n\t\t\t\t\t\t\t\t\t\t\t\t\t\t\t<img fetchpriority=\"high\" decoding=\"async\" width=\"500\" height=\"232\" src=\"https:\/\/www.restaurante222sw.com\/wp-content\/uploads\/gobiernodecanarias.svg\" class=\"attachment-full size-full wp-image-3010\" alt=\"\" \/>\t\t\t\t\t\t\t\t\t\t\t\t\t\t\t<\/div>\n\t\t\t\t<\/div>\n\t\t\t\t<div class=\"elementor-element elementor-element-8d2c30f elementor-widget__width-auto elementor-widget elementor-widget-image\" data-id=\"8d2c30f\" data-element_type=\"widget\" data-e-type=\"widget\" data-widget_type=\"image.default\">\n\t\t\t\t<div class=\"elementor-widget-container\">\n\t\t\t\t\t\t\t\t\t\t\t\t\t\t\t<img decoding=\"async\" width=\"500\" height=\"191\" src=\"https:\/\/www.restaurante222sw.com\/wp-content\/uploads\/canariasavanza.svg\" class=\"attachment-full size-full wp-image-3008\" alt=\"\" \/>\t\t\t\t\t\t\t\t\t\t\t\t\t\t\t<\/div>\n\t\t\t\t<\/div>\n\t\t\t\t<div class=\"elementor-element elementor-element-e38b35d elementor-widget__width-auto elementor-widget elementor-widget-image\" data-id=\"e38b35d\" data-element_type=\"widget\" data-e-type=\"widget\" data-widget_type=\"image.default\">\n\t\t\t\t<div class=\"elementor-widget-container\">\n\t\t\t\t\t\t\t\t\t\t\t\t\t\t\t<img decoding=\"async\" width=\"500\" height=\"98\" src=\"https:\/\/www.restaurante222sw.com\/wp-content\/uploads\/unioneuropea.png\" class=\"attachment-full size-full wp-image-3029\" alt=\"\" srcset=\"https:\/\/www.restaurante222sw.com\/wp-content\/uploads\/unioneuropea.png 500w, https:\/\/www.restaurante222sw.com\/wp-content\/uploads\/unioneuropea-300x59.png 300w\" sizes=\"(max-width: 500px) 100vw, 500px\" \/>\t\t\t\t\t\t\t\t\t\t\t\t\t\t\t<\/div>\n\t\t\t\t<\/div>\n\t\t\t\t\t<\/div>\n\t\t<\/div>\n\t\t\t\t\t<\/div>\n\t\t<\/section>\n\t\t\t\t<\/div>\n\t\t","protected":false},"excerpt":{"rendered":"<p>Organizativa Normativa aplicable a la entidad Ley 12\/2014, de 26 de diciembre, de transparencia y de acceso a la informaci\u00f3n p\u00fablica El objeto de la ley es la regulaci\u00f3n de la transparencia de la actividad p\u00fablica y del ejercicio del derecho de acceso a la informaci\u00f3n p\u00fablica en el \u00e1mbito de la Comunidad Aut\u00f3noma de [&hellip;]<\/p>\n","protected":false},"author":1,"featured_media":0,"parent":2975,"menu_order":2,"comment_status":"closed","ping_status":"closed","template":"elementor_header_footer","meta":{"footnotes":""},"class_list":["post-2979","page","type-page","status-publish","hentry"],"_links":{"self":[{"href":"https:\/\/www.restaurante222sw.com\/es\/wp-json\/wp\/v2\/pages\/2979","targetHints":{"allow":["GET"]}}],"collection":[{"href":"https:\/\/www.restaurante222sw.com\/es\/wp-json\/wp\/v2\/pages"}],"about":[{"href":"https:\/\/www.restaurante222sw.com\/es\/wp-json\/wp\/v2\/types\/page"}],"author":[{"embeddable":true,"href":"https:\/\/www.restaurante222sw.com\/es\/wp-json\/wp\/v2\/users\/1"}],"replies":[{"embeddable":true,"href":"https:\/\/www.restaurante222sw.com\/es\/wp-json\/wp\/v2\/comments?post=2979"}],"version-history":[{"count":0,"href":"https:\/\/www.restaurante222sw.com\/es\/wp-json\/wp\/v2\/pages\/2979\/revisions"}],"up":[{"embeddable":true,"href":"https:\/\/www.restaurante222sw.com\/es\/wp-json\/wp\/v2\/pages\/2975"}],"wp:attachment":[{"href":"https:\/\/www.restaurante222sw.com\/es\/wp-json\/wp\/v2\/media?parent=2979"}],"curies":[{"name":"wp","href":"https:\/\/api.w.org\/{rel}","templated":true}]}}