{"id":2977,"date":"2022-07-14T09:16:13","date_gmt":"2022-07-14T09:16:13","guid":{"rendered":"https:\/\/restaurante222sw.com\/?page_id=2977"},"modified":"2022-07-21T16:12:38","modified_gmt":"2022-07-21T16:12:38","slug":"institucional","status":"publish","type":"page","link":"https:\/\/www.restaurante222sw.com\/es\/transparencia\/institucional\/","title":{"rendered":"Institucional"},"content":{"rendered":"\t\t<div data-elementor-type=\"wp-page\" data-elementor-id=\"2977\" class=\"elementor elementor-2977\" data-elementor-post-type=\"page\">\n\t\t\t\t\t\t<section data-particle_enable=\"false\" data-particle-mobile-disabled=\"false\" class=\"elementor-section elementor-top-section elementor-element elementor-element-894a4dd elementor-section-boxed elementor-section-height-default elementor-section-height-default\" data-id=\"894a4dd\" data-element_type=\"section\" data-e-type=\"section\" data-settings=\"{&quot;jet_parallax_layout_list&quot;:[]}\">\n\t\t\t\t\t\t<div class=\"elementor-container elementor-column-gap-default\">\n\t\t\t\t\t<div class=\"elementor-column elementor-col-100 elementor-top-column elementor-element elementor-element-1ecdb4b\" data-id=\"1ecdb4b\" data-element_type=\"column\" data-e-type=\"column\">\n\t\t\t<div class=\"elementor-widget-wrap elementor-element-populated\">\n\t\t\t\t\t\t<div class=\"elementor-element elementor-element-cd3acc4 elementor-position-inline-start elementor-view-default elementor-mobile-position-block-start elementor-widget elementor-widget-icon-box\" data-id=\"cd3acc4\" data-element_type=\"widget\" data-e-type=\"widget\" data-widget_type=\"icon-box.default\">\n\t\t\t\t<div class=\"elementor-widget-container\">\n\t\t\t\t\t\t\t<div class=\"elementor-icon-box-wrapper\">\n\n\t\t\t\t\t\t<div class=\"elementor-icon-box-icon\">\n\t\t\t\t<a href=\"https:\/\/www.restaurante222sw.com\/es\/transparencia\/institucional\/\" class=\"elementor-icon\" tabindex=\"-1\" aria-label=\"Institucional\">\n\t\t\t\t<svg xmlns=\"http:\/\/www.w3.org\/2000\/svg\" xmlns:xlink=\"http:\/\/www.w3.org\/1999\/xlink\" id=\"Layer_1\" x=\"0px\" y=\"0px\" viewBox=\"0 0 500 476\" style=\"enable-background:new 0 0 500 476;\" xml:space=\"preserve\"><g>\t<path d=\"M428.6,237.5v23.8H500v-54.3c0-10.8-4.9-21.1-13.4-27.9L272.3,7.8c-13-10.4-31.6-10.4-44.6,0L13.4,179.2  C4.9,186,0,196.2,0,207.1v54.3h47.6v179c0,19.7,16,35.7,35.7,35.7h59.5V345.1c0-6.6,5.3-11.9,11.9-11.9h47.6  c6.6,0,11.9,5.3,11.9,11.9v107.1h-35.7V476h238.1c19.7,0,35.7-16,35.7-35.7V278.9h-23.8v161.4c0,6.6-5.3,11.9-11.9,11.9H238.1  V345.1c0-19.7-16-35.7-35.7-35.7h-47.6c-19.7,0-35.7,16-35.7,35.7v107.1H83.3c-6.6,0-11.9-5.3-11.9-11.9V237.5H23.8v-30.5  c0-3.6,1.6-7,4.5-9.3L242.6,26.4c4.3-3.5,10.5-3.5,14.9,0l214.3,171.4c2.8,2.3,4.5,5.7,4.5,9.3v30.5H428.6z\"><\/path>\t<path d=\"M381,428.4v-95.2h-95.2v95.2H381z M309.5,357h47.6v47.6h-47.6V357z\"><\/path><\/g><\/svg>\t\t\t\t<\/a>\n\t\t\t<\/div>\n\t\t\t\n\t\t\t\t\t\t<div class=\"elementor-icon-box-content\">\n\n\t\t\t\t\t\t\t\t\t<h3 class=\"elementor-icon-box-title\">\n\t\t\t\t\t\t<a href=\"https:\/\/www.restaurante222sw.com\/es\/transparencia\/institucional\/\" >\n\t\t\t\t\t\t\tInstitucional\t\t\t\t\t\t<\/a>\n\t\t\t\t\t<\/h3>\n\t\t\t\t\n\t\t\t\t\n\t\t\t<\/div>\n\t\t\t\n\t\t<\/div>\n\t\t\t\t\t\t<\/div>\n\t\t\t\t<\/div>\n\t\t\t\t<div class=\"elementor-element elementor-element-675e155 elementor-widget elementor-widget-heading\" data-id=\"675e155\" data-element_type=\"widget\" data-e-type=\"widget\" data-widget_type=\"heading.default\">\n\t\t\t\t<div class=\"elementor-widget-container\">\n\t\t\t\t\t<h2 class=\"elementor-heading-title elementor-size-default\">Constituci\u00f3n, Capital Social, \u00d3rgano de Administraci\u00f3n<\/h2>\t\t\t\t<\/div>\n\t\t\t\t<\/div>\n\t\t\t\t<section data-particle_enable=\"false\" data-particle-mobile-disabled=\"false\" class=\"elementor-section elementor-inner-section elementor-element elementor-element-225930a elementor-section-boxed elementor-section-height-default elementor-section-height-default\" data-id=\"225930a\" data-element_type=\"section\" data-e-type=\"section\" data-settings=\"{&quot;jet_parallax_layout_list&quot;:[]}\">\n\t\t\t\t\t\t<div class=\"elementor-container elementor-column-gap-default\">\n\t\t\t\t\t<div class=\"elementor-column elementor-col-50 elementor-inner-column elementor-element elementor-element-566a981\" data-id=\"566a981\" data-element_type=\"column\" data-e-type=\"column\">\n\t\t\t<div class=\"elementor-widget-wrap elementor-element-populated\">\n\t\t\t\t\t\t<div class=\"elementor-element elementor-element-74ba255 elementor-widget elementor-widget-text-editor\" data-id=\"74ba255\" data-element_type=\"widget\" data-e-type=\"widget\" data-widget_type=\"text-editor.default\">\n\t\t\t\t<div class=\"elementor-widget-container\">\n\t\t\t\t\t\t\t\t\t<p>Gourmet 222 SW S.L. fue constituida por Gregorio Fernandez Rodr\u00edguez.<\/p><p>El capital social es de tres mil euros (3.000 \u20ac).<\/p><p>El \u00f3rgano de administraci\u00f3n de la sociedad es el de administrador \u00fanico.<\/p>\t\t\t\t\t\t\t\t<\/div>\n\t\t\t\t<\/div>\n\t\t\t\t\t<\/div>\n\t\t<\/div>\n\t\t\t\t<div class=\"elementor-column elementor-col-50 elementor-inner-column elementor-element elementor-element-d80c174\" data-id=\"d80c174\" data-element_type=\"column\" data-e-type=\"column\">\n\t\t\t<div class=\"elementor-widget-wrap elementor-element-populated\">\n\t\t\t\t\t\t<div class=\"elementor-element elementor-element-f4b470e elementor-widget elementor-widget-text-editor\" data-id=\"f4b470e\" data-element_type=\"widget\" data-e-type=\"widget\" data-widget_type=\"text-editor.default\">\n\t\t\t\t<div class=\"elementor-widget-container\">\n\t\t\t\t\t\t\t\t\t<p>Modo de deliberar y adoptar acuerdos los \u00f3rganos colegiados: La sociedad se regir\u00e1 por lo dispuesto al efecto para la sociedad de responsabilidad limitada en la Ley de Sociedades de Capital. Los acuerdos de los socios se adoptar\u00e1n en junta general:<\/p><ol><li>Conocer la marcha y administraci\u00f3n de la sociedad.<\/li><li>Aprobar en su caso las cuentas y balances del ejercicio anterior y proponer y resolver sobre la distribuci\u00f3n de los beneficios.<\/li><li>Facultativamente, siempre que lo solicite en cualquier tiempo con este car\u00e1cter expreso el \u00f3rgano de administraci\u00f3n o un n\u00famero de socios que representen al menos la d\u00e9cima parte del capital social.<\/li><\/ol>\t\t\t\t\t\t\t\t<\/div>\n\t\t\t\t<\/div>\n\t\t\t\t\t<\/div>\n\t\t<\/div>\n\t\t\t\t\t<\/div>\n\t\t<\/section>\n\t\t\t\t\t<\/div>\n\t\t<\/div>\n\t\t\t\t\t<\/div>\n\t\t<\/section>\n\t\t\t\t<section data-particle_enable=\"false\" data-particle-mobile-disabled=\"false\" class=\"elementor-section elementor-top-section elementor-element elementor-element-9698926 elementor-section-boxed elementor-section-height-default elementor-section-height-default\" data-id=\"9698926\" data-element_type=\"section\" data-e-type=\"section\" data-settings=\"{&quot;jet_parallax_layout_list&quot;:[],&quot;background_background&quot;:&quot;classic&quot;}\">\n\t\t\t\t\t\t<div class=\"elementor-container elementor-column-gap-default\">\n\t\t\t\t\t<div class=\"elementor-column elementor-col-100 elementor-top-column elementor-element elementor-element-8cf6b1a\" data-id=\"8cf6b1a\" data-element_type=\"column\" data-e-type=\"column\">\n\t\t\t<div class=\"elementor-widget-wrap elementor-element-populated\">\n\t\t\t\t\t\t<div class=\"elementor-element elementor-element-1e03dda elementor-widget elementor-widget-heading\" data-id=\"1e03dda\" data-element_type=\"widget\" data-e-type=\"widget\" data-widget_type=\"heading.default\">\n\t\t\t\t<div class=\"elementor-widget-container\">\n\t\t\t\t\t<h2 class=\"elementor-heading-title elementor-size-default\">Informaci\u00f3n Relativa<\/h2>\t\t\t\t<\/div>\n\t\t\t\t<\/div>\n\t\t\t\t<section data-particle_enable=\"false\" data-particle-mobile-disabled=\"false\" class=\"elementor-section elementor-inner-section elementor-element elementor-element-6e8e095 elementor-section-boxed elementor-section-height-default elementor-section-height-default\" data-id=\"6e8e095\" data-element_type=\"section\" data-e-type=\"section\" data-settings=\"{&quot;jet_parallax_layout_list&quot;:[]}\">\n\t\t\t\t\t\t<div class=\"elementor-container elementor-column-gap-default\">\n\t\t\t\t\t<div class=\"elementor-column elementor-col-50 elementor-inner-column elementor-element elementor-element-d097895\" data-id=\"d097895\" data-element_type=\"column\" data-e-type=\"column\">\n\t\t\t<div class=\"elementor-widget-wrap elementor-element-populated\">\n\t\t\t\t\t\t<div class=\"elementor-element elementor-element-6e4f4b7 elementor-widget elementor-widget-text-editor\" data-id=\"6e4f4b7\" data-element_type=\"widget\" data-e-type=\"widget\" data-widget_type=\"text-editor.default\">\n\t\t\t\t<div class=\"elementor-widget-container\">\n\t\t\t\t\t\t\t\t\t<p><span>Gourmet 222 SW S.L. es una empresa de restauraci\u00f3n promovida y fundada por &#8230;. con direcci\u00f3n &#8230;.<\/span><\/p>\t\t\t\t\t\t\t\t<\/div>\n\t\t\t\t<\/div>\n\t\t\t\t\t<\/div>\n\t\t<\/div>\n\t\t\t\t<div class=\"elementor-column elementor-col-50 elementor-inner-column elementor-element elementor-element-2fefccc\" data-id=\"2fefccc\" data-element_type=\"column\" data-e-type=\"column\">\n\t\t\t<div class=\"elementor-widget-wrap elementor-element-populated\">\n\t\t\t\t\t\t<div class=\"elementor-element elementor-element-fefb8c2 elementor-widget elementor-widget-text-editor\" data-id=\"fefb8c2\" data-element_type=\"widget\" data-e-type=\"widget\" data-widget_type=\"text-editor.default\">\n\t\t\t\t<div class=\"elementor-widget-container\">\n\t\t\t\t\t\t\t\t\t<p><span>La misi\u00f3n de Gourmet 222 SW S.L. es &#8230;.<\/span><\/p>\t\t\t\t\t\t\t\t<\/div>\n\t\t\t\t<\/div>\n\t\t\t\t\t<\/div>\n\t\t<\/div>\n\t\t\t\t\t<\/div>\n\t\t<\/section>\n\t\t\t\t\t<\/div>\n\t\t<\/div>\n\t\t\t\t\t<\/div>\n\t\t<\/section>\n\t\t\t\t<section data-particle_enable=\"false\" data-particle-mobile-disabled=\"false\" class=\"elementor-section elementor-top-section elementor-element elementor-element-41d4be0 elementor-section-boxed elementor-section-height-default elementor-section-height-default\" data-id=\"41d4be0\" data-element_type=\"section\" data-e-type=\"section\" data-settings=\"{&quot;jet_parallax_layout_list&quot;:[]}\">\n\t\t\t\t\t\t<div class=\"elementor-container elementor-column-gap-default\">\n\t\t\t\t\t<div class=\"elementor-column elementor-col-100 elementor-top-column elementor-element elementor-element-306b74e\" data-id=\"306b74e\" data-element_type=\"column\" data-e-type=\"column\">\n\t\t\t<div class=\"elementor-widget-wrap elementor-element-populated\">\n\t\t\t\t\t\t<div class=\"elementor-element elementor-element-f425d54 elementor-widget__width-auto elementor-widget elementor-widget-image\" data-id=\"f425d54\" data-element_type=\"widget\" data-e-type=\"widget\" data-widget_type=\"image.default\">\n\t\t\t\t<div class=\"elementor-widget-container\">\n\t\t\t\t\t\t\t\t\t\t\t\t\t\t\t<img fetchpriority=\"high\" decoding=\"async\" width=\"500\" height=\"232\" src=\"https:\/\/www.restaurante222sw.com\/wp-content\/uploads\/gobiernodecanarias.svg\" class=\"attachment-full size-full wp-image-3010\" alt=\"\" \/>\t\t\t\t\t\t\t\t\t\t\t\t\t\t\t<\/div>\n\t\t\t\t<\/div>\n\t\t\t\t<div class=\"elementor-element elementor-element-c6422d3 elementor-widget__width-auto elementor-widget elementor-widget-image\" data-id=\"c6422d3\" data-element_type=\"widget\" data-e-type=\"widget\" data-widget_type=\"image.default\">\n\t\t\t\t<div class=\"elementor-widget-container\">\n\t\t\t\t\t\t\t\t\t\t\t\t\t\t\t<img decoding=\"async\" width=\"500\" height=\"191\" src=\"https:\/\/www.restaurante222sw.com\/wp-content\/uploads\/canariasavanza.svg\" class=\"attachment-full size-full wp-image-3008\" alt=\"\" \/>\t\t\t\t\t\t\t\t\t\t\t\t\t\t\t<\/div>\n\t\t\t\t<\/div>\n\t\t\t\t<div class=\"elementor-element elementor-element-334273e elementor-widget__width-auto elementor-widget elementor-widget-image\" data-id=\"334273e\" data-element_type=\"widget\" data-e-type=\"widget\" data-widget_type=\"image.default\">\n\t\t\t\t<div class=\"elementor-widget-container\">\n\t\t\t\t\t\t\t\t\t\t\t\t\t\t\t<img decoding=\"async\" width=\"500\" height=\"98\" src=\"https:\/\/www.restaurante222sw.com\/wp-content\/uploads\/unioneuropea.png\" class=\"attachment-full size-full wp-image-3029\" alt=\"\" srcset=\"https:\/\/www.restaurante222sw.com\/wp-content\/uploads\/unioneuropea.png 500w, https:\/\/www.restaurante222sw.com\/wp-content\/uploads\/unioneuropea-300x59.png 300w\" sizes=\"(max-width: 500px) 100vw, 500px\" \/>\t\t\t\t\t\t\t\t\t\t\t\t\t\t\t<\/div>\n\t\t\t\t<\/div>\n\t\t\t\t\t<\/div>\n\t\t<\/div>\n\t\t\t\t\t<\/div>\n\t\t<\/section>\n\t\t\t\t<\/div>\n\t\t","protected":false},"excerpt":{"rendered":"<p>Institucional Constituci\u00f3n, Capital Social, \u00d3rgano de Administraci\u00f3n Gourmet 222 SW S.L. fue constituida por Gregorio Fernandez Rodr\u00edguez. El capital social es de tres mil euros (3.000 \u20ac). El \u00f3rgano de administraci\u00f3n de la sociedad es el de administrador \u00fanico. Modo de deliberar y adoptar acuerdos los \u00f3rganos colegiados: La sociedad se regir\u00e1 por lo dispuesto [&hellip;]<\/p>\n","protected":false},"author":1,"featured_media":0,"parent":2975,"menu_order":1,"comment_status":"closed","ping_status":"closed","template":"elementor_header_footer","meta":{"footnotes":""},"class_list":["post-2977","page","type-page","status-publish","hentry"],"_links":{"self":[{"href":"https:\/\/www.restaurante222sw.com\/es\/wp-json\/wp\/v2\/pages\/2977","targetHints":{"allow":["GET"]}}],"collection":[{"href":"https:\/\/www.restaurante222sw.com\/es\/wp-json\/wp\/v2\/pages"}],"about":[{"href":"https:\/\/www.restaurante222sw.com\/es\/wp-json\/wp\/v2\/types\/page"}],"author":[{"embeddable":true,"href":"https:\/\/www.restaurante222sw.com\/es\/wp-json\/wp\/v2\/users\/1"}],"replies":[{"embeddable":true,"href":"https:\/\/www.restaurante222sw.com\/es\/wp-json\/wp\/v2\/comments?post=2977"}],"version-history":[{"count":0,"href":"https:\/\/www.restaurante222sw.com\/es\/wp-json\/wp\/v2\/pages\/2977\/revisions"}],"up":[{"embeddable":true,"href":"https:\/\/www.restaurante222sw.com\/es\/wp-json\/wp\/v2\/pages\/2975"}],"wp:attachment":[{"href":"https:\/\/www.restaurante222sw.com\/es\/wp-json\/wp\/v2\/media?parent=2977"}],"curies":[{"name":"wp","href":"https:\/\/api.w.org\/{rel}","templated":true}]}}