{"id":2975,"date":"2022-07-14T09:08:44","date_gmt":"2022-07-14T09:08:44","guid":{"rendered":"https:\/\/restaurante222sw.com\/?page_id=2975"},"modified":"2022-07-14T10:14:00","modified_gmt":"2022-07-14T10:14:00","slug":"transparencia","status":"publish","type":"page","link":"https:\/\/www.restaurante222sw.com\/es\/transparencia\/","title":{"rendered":"Transparencia"},"content":{"rendered":"\t\t<div data-elementor-type=\"wp-page\" data-elementor-id=\"2975\" class=\"elementor elementor-2975\" data-elementor-post-type=\"page\">\n\t\t\t\t\t\t<section data-particle_enable=\"false\" data-particle-mobile-disabled=\"false\" class=\"elementor-section elementor-top-section elementor-element elementor-element-8ab73d3 elementor-section-boxed elementor-section-height-default elementor-section-height-default\" data-id=\"8ab73d3\" data-element_type=\"section\" data-e-type=\"section\" data-settings=\"{&quot;jet_parallax_layout_list&quot;:[]}\">\n\t\t\t\t\t\t<div class=\"elementor-container elementor-column-gap-default\">\n\t\t\t\t\t<div class=\"elementor-column elementor-col-100 elementor-top-column elementor-element elementor-element-e4c6f88\" data-id=\"e4c6f88\" data-element_type=\"column\" data-e-type=\"column\">\n\t\t\t<div class=\"elementor-widget-wrap elementor-element-populated\">\n\t\t\t\t\t\t<div class=\"elementor-element elementor-element-73b2c07 elementor-widget elementor-widget-heading\" data-id=\"73b2c07\" data-element_type=\"widget\" data-e-type=\"widget\" data-widget_type=\"heading.default\">\n\t\t\t\t<div class=\"elementor-widget-container\">\n\t\t\t\t\t<h2 class=\"elementor-heading-title elementor-size-default\">Portal de transparencia<\/h2>\t\t\t\t<\/div>\n\t\t\t\t<\/div>\n\t\t\t\t<div class=\"elementor-element elementor-element-2f5258a elementor-widget__width-initial elementor-widget elementor-widget-text-editor\" data-id=\"2f5258a\" data-element_type=\"widget\" data-e-type=\"widget\" data-widget_type=\"text-editor.default\">\n\t\t\t\t<div class=\"elementor-widget-container\">\n\t\t\t\t\t\t\t\t\t<p><span>En <\/span><strong>222SW Bar &amp; Grill<\/strong><span>, estamos comprometidos con la transparencia y ponemos a disposici\u00f3n de la ciudadan\u00eda este Portal de Transparencia para continuar renovando nuestro compromiso de ofrecer una informaci\u00f3n clara, veraz, cercana y accesible y en cumplimiento con el ordenamiento jur\u00eddico vigente recogido en la Ley 12\/2014, de 26 de diciembre, de transparencia y de acceso a la informaci\u00f3n p\u00fablica, del Gobierno de Canarias.<\/span><\/p>\t\t\t\t\t\t\t\t<\/div>\n\t\t\t\t<\/div>\n\t\t\t\t<section data-particle_enable=\"false\" data-particle-mobile-disabled=\"false\" class=\"elementor-section elementor-inner-section elementor-element elementor-element-5b5edfb elementor-section-boxed elementor-section-height-default elementor-section-height-default\" data-id=\"5b5edfb\" data-element_type=\"section\" data-e-type=\"section\" data-settings=\"{&quot;jet_parallax_layout_list&quot;:[]}\">\n\t\t\t\t\t\t<div class=\"elementor-container elementor-column-gap-default\">\n\t\t\t\t\t<div class=\"elementor-column elementor-col-33 elementor-inner-column elementor-element elementor-element-1e4a3de\" data-id=\"1e4a3de\" data-element_type=\"column\" data-e-type=\"column\">\n\t\t\t<div class=\"elementor-widget-wrap elementor-element-populated\">\n\t\t\t\t\t\t<div class=\"elementor-element elementor-element-24331e7 elementor-position-inline-start elementor-view-default elementor-mobile-position-block-start elementor-widget elementor-widget-icon-box\" data-id=\"24331e7\" data-element_type=\"widget\" data-e-type=\"widget\" data-widget_type=\"icon-box.default\">\n\t\t\t\t<div class=\"elementor-widget-container\">\n\t\t\t\t\t\t\t<div class=\"elementor-icon-box-wrapper\">\n\n\t\t\t\t\t\t<div class=\"elementor-icon-box-icon\">\n\t\t\t\t<a href=\"https:\/\/www.restaurante222sw.com\/es\/transparencia\/institucional\/\" class=\"elementor-icon\" tabindex=\"-1\" aria-label=\"Institucional\">\n\t\t\t\t<svg xmlns=\"http:\/\/www.w3.org\/2000\/svg\" xmlns:xlink=\"http:\/\/www.w3.org\/1999\/xlink\" id=\"Layer_1\" x=\"0px\" y=\"0px\" viewBox=\"0 0 500 476\" style=\"enable-background:new 0 0 500 476;\" xml:space=\"preserve\"><g>\t<path d=\"M428.6,237.5v23.8H500v-54.3c0-10.8-4.9-21.1-13.4-27.9L272.3,7.8c-13-10.4-31.6-10.4-44.6,0L13.4,179.2  C4.9,186,0,196.2,0,207.1v54.3h47.6v179c0,19.7,16,35.7,35.7,35.7h59.5V345.1c0-6.6,5.3-11.9,11.9-11.9h47.6  c6.6,0,11.9,5.3,11.9,11.9v107.1h-35.7V476h238.1c19.7,0,35.7-16,35.7-35.7V278.9h-23.8v161.4c0,6.6-5.3,11.9-11.9,11.9H238.1  V345.1c0-19.7-16-35.7-35.7-35.7h-47.6c-19.7,0-35.7,16-35.7,35.7v107.1H83.3c-6.6,0-11.9-5.3-11.9-11.9V237.5H23.8v-30.5  c0-3.6,1.6-7,4.5-9.3L242.6,26.4c4.3-3.5,10.5-3.5,14.9,0l214.3,171.4c2.8,2.3,4.5,5.7,4.5,9.3v30.5H428.6z\"><\/path>\t<path d=\"M381,428.4v-95.2h-95.2v95.2H381z M309.5,357h47.6v47.6h-47.6V357z\"><\/path><\/g><\/svg>\t\t\t\t<\/a>\n\t\t\t<\/div>\n\t\t\t\n\t\t\t\t\t\t<div class=\"elementor-icon-box-content\">\n\n\t\t\t\t\t\t\t\t\t<h3 class=\"elementor-icon-box-title\">\n\t\t\t\t\t\t<a href=\"https:\/\/www.restaurante222sw.com\/es\/transparencia\/institucional\/\" >\n\t\t\t\t\t\t\tInstitucional\t\t\t\t\t\t<\/a>\n\t\t\t\t\t<\/h3>\n\t\t\t\t\n\t\t\t\t\n\t\t\t<\/div>\n\t\t\t\n\t\t<\/div>\n\t\t\t\t\t\t<\/div>\n\t\t\t\t<\/div>\n\t\t\t\t\t<\/div>\n\t\t<\/div>\n\t\t\t\t<div class=\"elementor-column elementor-col-33 elementor-inner-column elementor-element elementor-element-cd99656\" data-id=\"cd99656\" data-element_type=\"column\" data-e-type=\"column\">\n\t\t\t<div class=\"elementor-widget-wrap elementor-element-populated\">\n\t\t\t\t\t\t<div class=\"elementor-element elementor-element-755fd09 elementor-position-inline-start elementor-view-default elementor-mobile-position-block-start elementor-widget elementor-widget-icon-box\" data-id=\"755fd09\" data-element_type=\"widget\" data-e-type=\"widget\" data-widget_type=\"icon-box.default\">\n\t\t\t\t<div class=\"elementor-widget-container\">\n\t\t\t\t\t\t\t<div class=\"elementor-icon-box-wrapper\">\n\n\t\t\t\t\t\t<div class=\"elementor-icon-box-icon\">\n\t\t\t\t<a href=\"https:\/\/www.restaurante222sw.com\/es\/transparencia\/organizativa\/\" class=\"elementor-icon\" tabindex=\"-1\" aria-label=\"Organizativa\">\n\t\t\t\t<svg xmlns=\"http:\/\/www.w3.org\/2000\/svg\" xmlns:xlink=\"http:\/\/www.w3.org\/1999\/xlink\" id=\"Layer_1\" x=\"0px\" y=\"0px\" viewBox=\"0 0 500 447\" style=\"enable-background:new 0 0 500 447;\" xml:space=\"preserve\"><g>\t<path d=\"M210.5,197.2c0,7.3-5.9,13.1-13.2,13.1h-78.9c-21.8,0-39.5,17.7-39.5,39.4v39.4h26.3v-39.4c0-7.3,5.9-13.1,13.2-13.1h78.9  c21.8,0,39.5-17.7,39.5-39.4v-39.4h-26.3V197.2z\"><\/path>\t<path d=\"M394.7,249.8v39.4h26.3v-39.4c0-21.8-17.7-39.4-39.5-39.4h-78.9c-7.3,0-13.2-5.9-13.2-13.1v-39.4h-26.3v39.4  c0,21.8,17.7,39.4,39.5,39.4h78.9C388.8,236.6,394.7,242.5,394.7,249.8z\"><\/path>\t<path d=\"M197.4,131.5h105.3c21.8,0,39.5-17.7,39.5-39.4V39.4c0-21.8-17.7-39.4-39.5-39.4H197.4c-21.8,0-39.5,17.7-39.5,39.4V92  C157.9,113.8,175.6,131.5,197.4,131.5z M184.2,39.4c0-7.3,5.9-13.1,13.2-13.1h105.3c7.3,0,13.2,5.9,13.2,13.1V92  c0,7.3-5.9,13.1-13.2,13.1H197.4c-7.3,0-13.2-5.9-13.2-13.1V39.4z\"><\/path>\t<path d=\"M144.7,315.5H39.5C17.7,315.5,0,333.2,0,355v52.6C0,429.3,17.7,447,39.5,447h105.3c21.8,0,39.5-17.7,39.5-39.4V355  C184.2,333.2,166.5,315.5,144.7,315.5z M157.9,407.6c0,7.3-5.9,13.1-13.2,13.1H39.5c-7.3,0-13.2-5.9-13.2-13.1V355  c0-7.3,5.9-13.1,13.2-13.1h105.3c7.3,0,13.2,5.9,13.2,13.1V407.6z\"><\/path>\t<path d=\"M460.5,315.5H355.3c-21.8,0-39.5,17.7-39.5,39.4v52.6c0,21.8,17.7,39.4,39.5,39.4h105.3c21.8,0,39.5-17.7,39.5-39.4V355  C500,333.2,482.3,315.5,460.5,315.5z M473.7,407.6c0,7.3-5.9,13.1-13.2,13.1H355.3c-7.3,0-13.2-5.9-13.2-13.1V355  c0-7.3,5.9-13.1,13.2-13.1h105.3c7.3,0,13.2,5.9,13.2,13.1V407.6z\"><\/path><\/g><\/svg>\t\t\t\t<\/a>\n\t\t\t<\/div>\n\t\t\t\n\t\t\t\t\t\t<div class=\"elementor-icon-box-content\">\n\n\t\t\t\t\t\t\t\t\t<h3 class=\"elementor-icon-box-title\">\n\t\t\t\t\t\t<a href=\"https:\/\/www.restaurante222sw.com\/es\/transparencia\/organizativa\/\" >\n\t\t\t\t\t\t\tOrganizativa\t\t\t\t\t\t<\/a>\n\t\t\t\t\t<\/h3>\n\t\t\t\t\n\t\t\t\t\n\t\t\t<\/div>\n\t\t\t\n\t\t<\/div>\n\t\t\t\t\t\t<\/div>\n\t\t\t\t<\/div>\n\t\t\t\t\t<\/div>\n\t\t<\/div>\n\t\t\t\t<div class=\"elementor-column elementor-col-33 elementor-inner-column elementor-element elementor-element-dc42854\" data-id=\"dc42854\" data-element_type=\"column\" data-e-type=\"column\">\n\t\t\t<div class=\"elementor-widget-wrap elementor-element-populated\">\n\t\t\t\t\t\t<div class=\"elementor-element elementor-element-275243e elementor-position-inline-start elementor-view-default elementor-mobile-position-block-start elementor-widget elementor-widget-icon-box\" data-id=\"275243e\" data-element_type=\"widget\" data-e-type=\"widget\" data-widget_type=\"icon-box.default\">\n\t\t\t\t<div class=\"elementor-widget-container\">\n\t\t\t\t\t\t\t<div class=\"elementor-icon-box-wrapper\">\n\n\t\t\t\t\t\t<div class=\"elementor-icon-box-icon\">\n\t\t\t\t<a href=\"https:\/\/www.restaurante222sw.com\/es\/transparencia\/economico-financiera\/\" class=\"elementor-icon\" tabindex=\"-1\" aria-label=\"Econ\u00f3mico-FInanciera\">\n\t\t\t\t<svg xmlns=\"http:\/\/www.w3.org\/2000\/svg\" xmlns:xlink=\"http:\/\/www.w3.org\/1999\/xlink\" id=\"Layer_1\" x=\"0px\" y=\"0px\" viewBox=\"0 0 500 450\" style=\"enable-background:new 0 0 500 450;\" xml:space=\"preserve\"><g>\t<polygon points=\"61.5,275 466,61.2 449.7,122 473,129.1 500,28.6 406.8,0 400,25.1 451.8,41 50,253.4  \"><\/polygon>\t<path d=\"M274.1,324.5l-98.8-74.1L0,450h125h25h100h25h100h25h100V125l-130.8,57L274.1,324.5z M54.4,425l70.6-79.6V425H54.4z   M150,425V317.2l29.1-32.8l70.9,53.2V425H150z M275,425v-68.6l5.3,3.9L375,218.3V425H275z M475,425h-75V196.6l75-32.2V425z\"><\/path><\/g><\/svg>\t\t\t\t<\/a>\n\t\t\t<\/div>\n\t\t\t\n\t\t\t\t\t\t<div class=\"elementor-icon-box-content\">\n\n\t\t\t\t\t\t\t\t\t<h3 class=\"elementor-icon-box-title\">\n\t\t\t\t\t\t<a href=\"https:\/\/www.restaurante222sw.com\/es\/transparencia\/economico-financiera\/\" >\n\t\t\t\t\t\t\tEcon\u00f3mico-FInanciera\t\t\t\t\t\t<\/a>\n\t\t\t\t\t<\/h3>\n\t\t\t\t\n\t\t\t\t\n\t\t\t<\/div>\n\t\t\t\n\t\t<\/div>\n\t\t\t\t\t\t<\/div>\n\t\t\t\t<\/div>\n\t\t\t\t\t<\/div>\n\t\t<\/div>\n\t\t\t\t\t<\/div>\n\t\t<\/section>\n\t\t\t\t<section data-particle_enable=\"false\" data-particle-mobile-disabled=\"false\" class=\"elementor-section elementor-inner-section elementor-element elementor-element-fbc4d22 elementor-section-boxed elementor-section-height-default elementor-section-height-default\" data-id=\"fbc4d22\" data-element_type=\"section\" data-e-type=\"section\" data-settings=\"{&quot;jet_parallax_layout_list&quot;:[]}\">\n\t\t\t\t\t\t<div class=\"elementor-container elementor-column-gap-default\">\n\t\t\t\t\t<div class=\"elementor-column elementor-col-33 elementor-inner-column elementor-element elementor-element-d5b0d1b\" data-id=\"d5b0d1b\" data-element_type=\"column\" data-e-type=\"column\">\n\t\t\t<div class=\"elementor-widget-wrap elementor-element-populated\">\n\t\t\t\t\t\t<div class=\"elementor-element elementor-element-9fb47e5 elementor-position-inline-start elementor-view-default elementor-mobile-position-block-start elementor-widget elementor-widget-icon-box\" data-id=\"9fb47e5\" data-element_type=\"widget\" data-e-type=\"widget\" data-widget_type=\"icon-box.default\">\n\t\t\t\t<div class=\"elementor-widget-container\">\n\t\t\t\t\t\t\t<div class=\"elementor-icon-box-wrapper\">\n\n\t\t\t\t\t\t<div class=\"elementor-icon-box-icon\">\n\t\t\t\t<a href=\"https:\/\/www.restaurante222sw.com\/es\/transparencia\/contratos-y-convenios\/\" class=\"elementor-icon\" tabindex=\"-1\" aria-label=\"Contratos y Convenios\">\n\t\t\t\t<svg xmlns=\"http:\/\/www.w3.org\/2000\/svg\" xmlns:xlink=\"http:\/\/www.w3.org\/1999\/xlink\" id=\"Layer_1\" x=\"0px\" y=\"0px\" viewBox=\"0 0 375 500\" style=\"enable-background:new 0 0 375 500;\" xml:space=\"preserve\"><g>\t<path id=\"XMLID_426_\" d=\"M300,400V150h25v275H50V150h25v250H300z M275,75V50h62.5c20.7,0,37.5,16.8,37.5,37.5v375  c0,20.7-16.8,37.5-37.5,37.5h-300C16.8,500,0,483.2,0,462.5v-375C0,66.8,16.8,50,37.5,50H100v25H37.5C30.6,75,25,80.6,25,87.5v375  c0,6.9,5.6,12.5,12.5,12.5h300c6.9,0,12.5-5.6,12.5-12.5v-375c0-6.9-5.6-12.5-12.5-12.5H275z\"><\/path>\t<path id=\"XMLID_418_\" d=\"M100,350v-25h100v25H100z M100,275v-25h150v25H100z M325,100v25H225V62.5c0-20.7-16.8-37.5-37.5-37.5  C166.8,25,150,41.8,150,62.5V125H50v-25h75V62.5C125,28,153,0,187.5,0C222,0,250,28,250,62.5V100H325z\"><\/path><\/g><\/svg>\t\t\t\t<\/a>\n\t\t\t<\/div>\n\t\t\t\n\t\t\t\t\t\t<div class=\"elementor-icon-box-content\">\n\n\t\t\t\t\t\t\t\t\t<h3 class=\"elementor-icon-box-title\">\n\t\t\t\t\t\t<a href=\"https:\/\/www.restaurante222sw.com\/es\/transparencia\/contratos-y-convenios\/\" >\n\t\t\t\t\t\t\tContratos y Convenios\t\t\t\t\t\t<\/a>\n\t\t\t\t\t<\/h3>\n\t\t\t\t\n\t\t\t\t\n\t\t\t<\/div>\n\t\t\t\n\t\t<\/div>\n\t\t\t\t\t\t<\/div>\n\t\t\t\t<\/div>\n\t\t\t\t\t<\/div>\n\t\t<\/div>\n\t\t\t\t<div class=\"elementor-column elementor-col-33 elementor-inner-column elementor-element elementor-element-556ac13\" data-id=\"556ac13\" data-element_type=\"column\" data-e-type=\"column\">\n\t\t\t<div class=\"elementor-widget-wrap elementor-element-populated\">\n\t\t\t\t\t\t<div class=\"elementor-element elementor-element-f7ea5ca elementor-position-inline-start elementor-view-default elementor-mobile-position-block-start elementor-widget elementor-widget-icon-box\" data-id=\"f7ea5ca\" data-element_type=\"widget\" data-e-type=\"widget\" data-widget_type=\"icon-box.default\">\n\t\t\t\t<div class=\"elementor-widget-container\">\n\t\t\t\t\t\t\t<div class=\"elementor-icon-box-wrapper\">\n\n\t\t\t\t\t\t<div class=\"elementor-icon-box-icon\">\n\t\t\t\t<a href=\"https:\/\/www.restaurante222sw.com\/es\/transparencia\/ayudas-y-subvenciones\/\" class=\"elementor-icon\" tabindex=\"-1\" aria-label=\"Ayudas y Subvenciones\">\n\t\t\t\t<svg xmlns=\"http:\/\/www.w3.org\/2000\/svg\" xmlns:xlink=\"http:\/\/www.w3.org\/1999\/xlink\" id=\"Layer_1\" x=\"0px\" y=\"0px\" viewBox=\"0 0 400 500\" style=\"enable-background:new 0 0 400 500;\" xml:space=\"preserve\"><g>\t<path d=\"M200,375.7V200h-25v175.7c-56.2,6.2-100,53.9-100,111.8V500h225v-12.5C300,429.6,256.2,381.9,200,375.7z M100.9,475  c6.1-42.4,42.5-75,86.6-75c44.1,0,80.5,32.6,86.6,75H100.9z\"><\/path>\t<path d=\"M399.7,100.3l-12-0.2c-49.7-1-98,17.9-133.8,53.8C218,189.8,199,238,200,287.7l0.2,12l12,0.2c49.7,1,98-17.9,133.8-53.8  C382,210.2,401,162,400,112.3L399.7,100.3z M328.5,228.5c-28,28-64.7,44.1-103.2,46.3c2.2-38.5,18.3-75.2,46.3-103.2  c28-28,64.7-44.1,103.2-46.3C372.5,163.8,356.5,200.4,328.5,228.5z\"><\/path>\t<path d=\"M199.7,199.7l0.2-12c1-49.8-17.9-98-53.8-133.9C110.2,18,62-1,12.3,0l-12,0.2L0,12.3C-1,62,18,110.2,53.9,146.1  C89.8,182,138,201,187.7,200L199.7,199.7z M71.5,128.5c-28-28-44.1-64.7-46.3-103.2c38.5,2.2,75.2,18.3,103.2,46.3  c28,28,44.1,64.7,46.3,103.2C136.2,172.5,99.6,156.5,71.5,128.5z\"><\/path><\/g><\/svg>\t\t\t\t<\/a>\n\t\t\t<\/div>\n\t\t\t\n\t\t\t\t\t\t<div class=\"elementor-icon-box-content\">\n\n\t\t\t\t\t\t\t\t\t<h3 class=\"elementor-icon-box-title\">\n\t\t\t\t\t\t<a href=\"https:\/\/www.restaurante222sw.com\/es\/transparencia\/ayudas-y-subvenciones\/\" >\n\t\t\t\t\t\t\tAyudas y Subvenciones\t\t\t\t\t\t<\/a>\n\t\t\t\t\t<\/h3>\n\t\t\t\t\n\t\t\t\t\n\t\t\t<\/div>\n\t\t\t\n\t\t<\/div>\n\t\t\t\t\t\t<\/div>\n\t\t\t\t<\/div>\n\t\t\t\t\t<\/div>\n\t\t<\/div>\n\t\t\t\t<div class=\"elementor-column elementor-col-33 elementor-inner-column elementor-element elementor-element-fa83fd3\" data-id=\"fa83fd3\" data-element_type=\"column\" data-e-type=\"column\">\n\t\t\t<div class=\"elementor-widget-wrap elementor-element-populated\">\n\t\t\t\t\t\t<div class=\"elementor-element elementor-element-999f392 elementor-position-inline-start elementor-view-default elementor-mobile-position-block-start elementor-widget elementor-widget-icon-box\" data-id=\"999f392\" data-element_type=\"widget\" data-e-type=\"widget\" data-widget_type=\"icon-box.default\">\n\t\t\t\t<div class=\"elementor-widget-container\">\n\t\t\t\t\t\t\t<div class=\"elementor-icon-box-wrapper\">\n\n\t\t\t\t\t\t<div class=\"elementor-icon-box-icon\">\n\t\t\t\t<a href=\"https:\/\/www.restaurante222sw.com\/es\/transparencia\/enlaces\/\" class=\"elementor-icon\" tabindex=\"-1\" aria-label=\"Enlaces\">\n\t\t\t\t<svg xmlns=\"http:\/\/www.w3.org\/2000\/svg\" xmlns:xlink=\"http:\/\/www.w3.org\/1999\/xlink\" id=\"Layer_1\" x=\"0px\" y=\"0px\" viewBox=\"0 0 472 500\" style=\"enable-background:new 0 0 472 500;\" xml:space=\"preserve\"><g>\t<path id=\"XMLID_238_\" d=\"M190.3,148.6l99.1-100.2c30.7-31,85.9-26.7,123.4,11.1c37.5,37.9,41.8,94.1,11,125.2L324.7,285  c-30.7,31-85.9,26.7-123.4-11.1c-5.4-5.5-14.2-5.5-19.6-0.1c-5.5,5.4-5.5,14.2-0.1,19.6c47.7,48.2,120.6,53.9,162.9,11.1  l99.1-100.2c42.2-42.7,36.6-116.1-11-164.3C384.8-8.2,312-13.9,269.7,28.8l-99.1,100.2c-5.4,5.5-5.3,14.2,0.1,19.6  C176.2,154.1,184.9,154.1,190.3,148.6z\"><\/path>\t<path id=\"XMLID_233_\" d=\"M281.7,351.4l-99.1,100.2c-30.7,31-85.9,26.7-123.4-11.1c-37.5-37.9-41.8-94.1-11-125.2L147.3,215  c30.7-31,85.9-26.7,123.4,11.1c5.4,5.5,14.2,5.5,19.6,0.1c5.5-5.4,5.5-14.2,0.1-19.6c-47.7-48.2-120.6-53.9-162.9-11.1L28.5,295.7  c-42.2,42.7-36.6,116.1,11,164.3c47.7,48.2,120.6,53.9,162.9,11.1l99.1-100.2c5.4-5.5,5.3-14.2-0.1-19.6  C295.8,345.9,287.1,345.9,281.7,351.4z\"><\/path><\/g><\/svg>\t\t\t\t<\/a>\n\t\t\t<\/div>\n\t\t\t\n\t\t\t\t\t\t<div class=\"elementor-icon-box-content\">\n\n\t\t\t\t\t\t\t\t\t<h3 class=\"elementor-icon-box-title\">\n\t\t\t\t\t\t<a href=\"https:\/\/www.restaurante222sw.com\/es\/transparencia\/enlaces\/\" >\n\t\t\t\t\t\t\tEnlaces\t\t\t\t\t\t<\/a>\n\t\t\t\t\t<\/h3>\n\t\t\t\t\n\t\t\t\t\n\t\t\t<\/div>\n\t\t\t\n\t\t<\/div>\n\t\t\t\t\t\t<\/div>\n\t\t\t\t<\/div>\n\t\t\t\t\t<\/div>\n\t\t<\/div>\n\t\t\t\t\t<\/div>\n\t\t<\/section>\n\t\t\t\t\t<\/div>\n\t\t<\/div>\n\t\t\t\t\t<\/div>\n\t\t<\/section>\n\t\t\t\t<section data-particle_enable=\"false\" data-particle-mobile-disabled=\"false\" class=\"elementor-section elementor-top-section elementor-element elementor-element-ba006ef elementor-section-boxed elementor-section-height-default elementor-section-height-default\" data-id=\"ba006ef\" data-element_type=\"section\" data-e-type=\"section\" data-settings=\"{&quot;jet_parallax_layout_list&quot;:[]}\">\n\t\t\t\t\t\t<div class=\"elementor-container elementor-column-gap-default\">\n\t\t\t\t\t<div class=\"elementor-column elementor-col-100 elementor-top-column elementor-element elementor-element-15d3c76\" data-id=\"15d3c76\" data-element_type=\"column\" data-e-type=\"column\">\n\t\t\t<div class=\"elementor-widget-wrap elementor-element-populated\">\n\t\t\t\t\t\t<div class=\"elementor-element elementor-element-9f889bd elementor-widget__width-auto elementor-widget elementor-widget-image\" data-id=\"9f889bd\" data-element_type=\"widget\" data-e-type=\"widget\" data-widget_type=\"image.default\">\n\t\t\t\t<div class=\"elementor-widget-container\">\n\t\t\t\t\t\t\t\t\t\t\t\t\t\t\t<img fetchpriority=\"high\" decoding=\"async\" width=\"500\" height=\"232\" src=\"https:\/\/www.restaurante222sw.com\/wp-content\/uploads\/gobiernodecanarias.svg\" class=\"attachment-full size-full wp-image-3010\" alt=\"\" \/>\t\t\t\t\t\t\t\t\t\t\t\t\t\t\t<\/div>\n\t\t\t\t<\/div>\n\t\t\t\t<div class=\"elementor-element elementor-element-beaa073 elementor-widget__width-auto elementor-widget elementor-widget-image\" data-id=\"beaa073\" data-element_type=\"widget\" data-e-type=\"widget\" data-widget_type=\"image.default\">\n\t\t\t\t<div class=\"elementor-widget-container\">\n\t\t\t\t\t\t\t\t\t\t\t\t\t\t\t<img decoding=\"async\" width=\"500\" height=\"191\" src=\"https:\/\/www.restaurante222sw.com\/wp-content\/uploads\/canariasavanza.svg\" class=\"attachment-full size-full wp-image-3008\" alt=\"\" \/>\t\t\t\t\t\t\t\t\t\t\t\t\t\t\t<\/div>\n\t\t\t\t<\/div>\n\t\t\t\t<div class=\"elementor-element elementor-element-d061e74 elementor-widget__width-auto elementor-widget elementor-widget-image\" data-id=\"d061e74\" data-element_type=\"widget\" data-e-type=\"widget\" data-widget_type=\"image.default\">\n\t\t\t\t<div class=\"elementor-widget-container\">\n\t\t\t\t\t\t\t\t\t\t\t\t\t\t\t<img decoding=\"async\" width=\"500\" height=\"98\" src=\"https:\/\/www.restaurante222sw.com\/wp-content\/uploads\/unioneuropea.png\" class=\"attachment-full size-full wp-image-3029\" alt=\"\" srcset=\"https:\/\/www.restaurante222sw.com\/wp-content\/uploads\/unioneuropea.png 500w, https:\/\/www.restaurante222sw.com\/wp-content\/uploads\/unioneuropea-300x59.png 300w\" sizes=\"(max-width: 500px) 100vw, 500px\" \/>\t\t\t\t\t\t\t\t\t\t\t\t\t\t\t<\/div>\n\t\t\t\t<\/div>\n\t\t\t\t\t<\/div>\n\t\t<\/div>\n\t\t\t\t\t<\/div>\n\t\t<\/section>\n\t\t\t\t<\/div>\n\t\t","protected":false},"excerpt":{"rendered":"<p>Portal de transparencia En 222SW Bar &amp; Grill, estamos comprometidos con la transparencia y ponemos a disposici\u00f3n de la ciudadan\u00eda este Portal de Transparencia para continuar renovando nuestro compromiso de ofrecer una informaci\u00f3n clara, veraz, cercana y accesible y en cumplimiento con el ordenamiento jur\u00eddico vigente recogido en la Ley 12\/2014, de 26 de diciembre, [&hellip;]<\/p>\n","protected":false},"author":1,"featured_media":0,"parent":0,"menu_order":0,"comment_status":"closed","ping_status":"closed","template":"elementor_header_footer","meta":{"footnotes":""},"class_list":["post-2975","page","type-page","status-publish","hentry"],"_links":{"self":[{"href":"https:\/\/www.restaurante222sw.com\/es\/wp-json\/wp\/v2\/pages\/2975","targetHints":{"allow":["GET"]}}],"collection":[{"href":"https:\/\/www.restaurante222sw.com\/es\/wp-json\/wp\/v2\/pages"}],"about":[{"href":"https:\/\/www.restaurante222sw.com\/es\/wp-json\/wp\/v2\/types\/page"}],"author":[{"embeddable":true,"href":"https:\/\/www.restaurante222sw.com\/es\/wp-json\/wp\/v2\/users\/1"}],"replies":[{"embeddable":true,"href":"https:\/\/www.restaurante222sw.com\/es\/wp-json\/wp\/v2\/comments?post=2975"}],"version-history":[{"count":0,"href":"https:\/\/www.restaurante222sw.com\/es\/wp-json\/wp\/v2\/pages\/2975\/revisions"}],"wp:attachment":[{"href":"https:\/\/www.restaurante222sw.com\/es\/wp-json\/wp\/v2\/media?parent=2975"}],"curies":[{"name":"wp","href":"https:\/\/api.w.org\/{rel}","templated":true}]}}